{"id":99,"date":"2017-05-03T10:34:39","date_gmt":"2017-05-03T10:34:39","guid":{"rendered":"http:\/\/www.atk.dk\/lager\/"},"modified":"2017-07-12T14:12:28","modified_gmt":"2017-07-12T12:12:28","slug":"lager","status":"publish","type":"page","link":"https:\/\/www.atk.dk\/de\/lager\/","title":{"rendered":"Lager"},"content":{"rendered":"<section class=\"wpb-content-wrapper\"><p>[vc_row][vc_column width=&#8220;1\/3&#8243;][\/vc_column][vc_column width=&#8220;1\/3&#8243;][vc_column_text]<\/p>\n<h1>Lager<\/h1>\n<p>[\/vc_column_text][\/vc_column][vc_column width=&#8220;1\/3&#8243;][\/vc_column][\/vc_row][vc_row][vc_column width=&#8220;1\/3&#8243;][vc_column_text]<\/p>\n<p style=\"text-align: right;\"><strong><a href=\"#\">KOMPLETTE<br \/>\nLOGISTIKL\u00d6SUNGEN<br \/>\nF\u00dcR DIE STAHLINDUSTRIE<\/a><\/strong><\/p>\n<p>[\/vc_column_text][\/vc_column][vc_column width=&#8220;1\/3&#8243;][vc_column_text]ATK erm\u00f6glicht die Handhabung und Lagerung von Waren in ATKs eigenen beheizten Lagern in zentraler Lage nur 5 Autominuten von der Autobahn E45\/E20. Von dort beliefern wir ganz D\u00e4nemark und das \u00fcbrige Skandinavien mit den Produkten unserer Kunden.[\/vc_column_text][\/vc_column][vc_column width=&#8220;1\/3&#8243;][vc_column_text css=&#8220;.vc_custom_1499760048138{margin-top: 14px !important;}&#8220;]<\/p>\n<h6><a name=\"_Toc359073820\"><\/a>Lagerl\u00f6sungen &#8211; ATK bietet Ihnen folgende Vorteile<\/h6>\n<ul>\n<li>Beheizte Lagerhallen<\/li>\n<li>\u00dcberdachter Warenumschlag<\/li>\n<li>Zentrale Lage in D\u00e4nemark bei der Autobahn E45\/E20<\/li>\n<li>Eingehende Produktkenntnisse<\/li>\n<li>Breit gef\u00e4chertes Serviceangebot<\/li>\n<\/ul>\n<p>[\/vc_column_text][\/vc_column][\/vc_row]<\/p>\n<\/section>","protected":false},"excerpt":{"rendered":"<p>[vc_row][vc_column width=&#8220;1\/3&#8243;][\/vc_column][vc_column width=&#8220;1\/3&#8243;][vc_column_text] Lager [\/vc_column_text][\/vc_column][vc_column width=&#8220;1\/3&#8243;][\/vc_column][\/vc_row][vc_row][vc_column width=&#8220;1\/3&#8243;][vc_column_text] KOMPLETTE LOGISTIKL\u00d6SUNGEN F\u00dcR DIE STAHLINDUSTRIE [\/vc_column_text][\/vc_column][vc_column width=&#8220;1\/3&#8243;][vc_column_text]ATK erm\u00f6glicht die Handhabung und Lagerung von Waren in ATKs eigenen beheizten Lagern in zentraler Lage nur 5 Autominuten von der Autobahn E45\/E20. Von dort beliefern wir ganz D\u00e4nemark und das \u00fcbrige Skandinavien mit den Produkten unserer Kunden.[\/vc_column_text][\/vc_column][vc_column width=&#8220;1\/3&#8243;][vc_column_text css=&#8220;.vc_custom_1499760048138{margin-top: 14px !important;}&#8220;] [&hellip;]<\/p>\n","protected":false},"author":1,"featured_media":0,"parent":0,"menu_order":0,"comment_status":"closed","ping_status":"closed","template":"","meta":{"footnotes":""},"class_list":["post-99","page","type-page","status-publish","hentry"],"acf":[],"yoast_head":"<!-- This site is optimized with the Yoast SEO plugin v27.5 - https:\/\/yoast.com\/product\/yoast-seo-wordpress\/ -->\n<title>Lager - ATK<\/title>\n<meta name=\"description\" content=\"Komplette Logistikl\u00f6sungen f\u00fcr die Stahlindustrie, inkl. Lager: Handhabung und Lagerung von Waren in eigenen beheizten Lagern - \u00fcberdacher Warenumschlag\" \/>\n<meta name=\"robots\" content=\"index, follow, max-snippet:-1, max-image-preview:large, max-video-preview:-1\" \/>\n<link rel=\"canonical\" href=\"https:\/\/www.atk.dk\/de\/lager\/\" \/>\n<meta property=\"og:locale\" content=\"de_DE\" \/>\n<meta property=\"og:type\" content=\"article\" \/>\n<meta property=\"og:title\" content=\"Lager - ATK\" \/>\n<meta property=\"og:description\" content=\"Komplette Logistikl\u00f6sungen f\u00fcr die Stahlindustrie, inkl. Lager: Handhabung und Lagerung von Waren in eigenen beheizten Lagern - \u00fcberdacher Warenumschlag\" \/>\n<meta property=\"og:url\" content=\"https:\/\/www.atk.dk\/de\/lager\/\" \/>\n<meta property=\"og:site_name\" content=\"ATK\" \/>\n<meta property=\"article:modified_time\" content=\"2017-07-12T12:12:28+00:00\" \/>\n<meta name=\"twitter:card\" content=\"summary_large_image\" \/>\n<meta name=\"twitter:label1\" content=\"Gesch\u00e4tzte Lesezeit\" \/>\n\t<meta name=\"twitter:data1\" content=\"1\u00a0Minute\" \/>\n<script type=\"application\/ld+json\" class=\"yoast-schema-graph\">{\"@context\":\"https:\\\/\\\/schema.org\",\"@graph\":[{\"@type\":\"WebPage\",\"@id\":\"https:\\\/\\\/www.atk.dk\\\/de\\\/lager\\\/\",\"url\":\"https:\\\/\\\/www.atk.dk\\\/de\\\/lager\\\/\",\"name\":\"Lager - ATK\",\"isPartOf\":{\"@id\":\"https:\\\/\\\/www.atk.dk\\\/#website\"},\"datePublished\":\"2017-05-03T10:34:39+00:00\",\"dateModified\":\"2017-07-12T12:12:28+00:00\",\"description\":\"Komplette Logistikl\u00f6sungen f\u00fcr die Stahlindustrie, inkl. Lager: Handhabung und Lagerung von Waren in eigenen beheizten Lagern - \u00fcberdacher Warenumschlag\",\"breadcrumb\":{\"@id\":\"https:\\\/\\\/www.atk.dk\\\/de\\\/lager\\\/#breadcrumb\"},\"inLanguage\":\"de\",\"potentialAction\":[{\"@type\":\"ReadAction\",\"target\":[\"https:\\\/\\\/www.atk.dk\\\/de\\\/lager\\\/\"]}]},{\"@type\":\"BreadcrumbList\",\"@id\":\"https:\\\/\\\/www.atk.dk\\\/de\\\/lager\\\/#breadcrumb\",\"itemListElement\":[{\"@type\":\"ListItem\",\"position\":1,\"name\":\"Hjem\",\"item\":\"https:\\\/\\\/www.atk.dk\\\/de\\\/\"},{\"@type\":\"ListItem\",\"position\":2,\"name\":\"Lager\"}]},{\"@type\":\"WebSite\",\"@id\":\"https:\\\/\\\/www.atk.dk\\\/#website\",\"url\":\"https:\\\/\\\/www.atk.dk\\\/\",\"name\":\"ATK\",\"description\":\"We move steel on time\",\"potentialAction\":[{\"@type\":\"SearchAction\",\"target\":{\"@type\":\"EntryPoint\",\"urlTemplate\":\"https:\\\/\\\/www.atk.dk\\\/?s={search_term_string}\"},\"query-input\":{\"@type\":\"PropertyValueSpecification\",\"valueRequired\":true,\"valueName\":\"search_term_string\"}}],\"inLanguage\":\"de\"}]}<\/script>\n<!-- \/ Yoast SEO plugin. -->","yoast_head_json":{"title":"Lager - ATK","description":"Komplette Logistikl\u00f6sungen f\u00fcr die Stahlindustrie, inkl. Lager: Handhabung und Lagerung von Waren in eigenen beheizten Lagern - \u00fcberdacher Warenumschlag","robots":{"index":"index","follow":"follow","max-snippet":"max-snippet:-1","max-image-preview":"max-image-preview:large","max-video-preview":"max-video-preview:-1"},"canonical":"https:\/\/www.atk.dk\/de\/lager\/","og_locale":"de_DE","og_type":"article","og_title":"Lager - ATK","og_description":"Komplette Logistikl\u00f6sungen f\u00fcr die Stahlindustrie, inkl. Lager: Handhabung und Lagerung von Waren in eigenen beheizten Lagern - \u00fcberdacher Warenumschlag","og_url":"https:\/\/www.atk.dk\/de\/lager\/","og_site_name":"ATK","article_modified_time":"2017-07-12T12:12:28+00:00","twitter_card":"summary_large_image","twitter_misc":{"Gesch\u00e4tzte Lesezeit":"1\u00a0Minute"},"schema":{"@context":"https:\/\/schema.org","@graph":[{"@type":"WebPage","@id":"https:\/\/www.atk.dk\/de\/lager\/","url":"https:\/\/www.atk.dk\/de\/lager\/","name":"Lager - ATK","isPartOf":{"@id":"https:\/\/www.atk.dk\/#website"},"datePublished":"2017-05-03T10:34:39+00:00","dateModified":"2017-07-12T12:12:28+00:00","description":"Komplette Logistikl\u00f6sungen f\u00fcr die Stahlindustrie, inkl. Lager: Handhabung und Lagerung von Waren in eigenen beheizten Lagern - \u00fcberdacher Warenumschlag","breadcrumb":{"@id":"https:\/\/www.atk.dk\/de\/lager\/#breadcrumb"},"inLanguage":"de","potentialAction":[{"@type":"ReadAction","target":["https:\/\/www.atk.dk\/de\/lager\/"]}]},{"@type":"BreadcrumbList","@id":"https:\/\/www.atk.dk\/de\/lager\/#breadcrumb","itemListElement":[{"@type":"ListItem","position":1,"name":"Hjem","item":"https:\/\/www.atk.dk\/de\/"},{"@type":"ListItem","position":2,"name":"Lager"}]},{"@type":"WebSite","@id":"https:\/\/www.atk.dk\/#website","url":"https:\/\/www.atk.dk\/","name":"ATK","description":"We move steel on time","potentialAction":[{"@type":"SearchAction","target":{"@type":"EntryPoint","urlTemplate":"https:\/\/www.atk.dk\/?s={search_term_string}"},"query-input":{"@type":"PropertyValueSpecification","valueRequired":true,"valueName":"search_term_string"}}],"inLanguage":"de"}]}},"_links":{"self":[{"href":"https:\/\/www.atk.dk\/de\/wp-json\/wp\/v2\/pages\/99","targetHints":{"allow":["GET"]}}],"collection":[{"href":"https:\/\/www.atk.dk\/de\/wp-json\/wp\/v2\/pages"}],"about":[{"href":"https:\/\/www.atk.dk\/de\/wp-json\/wp\/v2\/types\/page"}],"author":[{"embeddable":true,"href":"https:\/\/www.atk.dk\/de\/wp-json\/wp\/v2\/users\/1"}],"replies":[{"embeddable":true,"href":"https:\/\/www.atk.dk\/de\/wp-json\/wp\/v2\/comments?post=99"}],"version-history":[{"count":0,"href":"https:\/\/www.atk.dk\/de\/wp-json\/wp\/v2\/pages\/99\/revisions"}],"wp:attachment":[{"href":"https:\/\/www.atk.dk\/de\/wp-json\/wp\/v2\/media?parent=99"}],"curies":[{"name":"wp","href":"https:\/\/api.w.org\/{rel}","templated":true}]}}