{"id":97,"date":"2017-05-03T10:34:07","date_gmt":"2017-05-03T10:34:07","guid":{"rendered":"http:\/\/www.atk.dk\/bil\/"},"modified":"2017-07-12T13:24:39","modified_gmt":"2017-07-12T11:24:39","slug":"bil","status":"publish","type":"page","link":"https:\/\/www.atk.dk\/de\/bil\/","title":{"rendered":"Bil"},"content":{"rendered":"<section class=\"wpb-content-wrapper\"><p>[vc_section][vc_row][vc_column][vc_column_text]<\/p>\n<h1>Transport von Stahl auf\u00a0<strong>Stra\u00dfe<\/strong><\/h1>\n<p>[\/vc_column_text][\/vc_column][\/vc_row][vc_row][vc_column width=&#8220;1\/3&#8243;][vc_column_text]<\/p>\n<p style=\"text-align: right;\"><strong><a href=\"#\">KOMPLETTE<br \/>\nLOGISTIKL\u00d6SUNGEN<br \/>\nF\u00dcR DIE STAHLINDUSTRIE<\/a><\/strong><\/p>\n<p>[\/vc_column_text][\/vc_column][vc_column width=&#8220;1\/3&#8243;][vc_column_text]ATK bietet effiziente Transporte von sowohl St\u00fcckgut als auch Komplettladungen von und zu Kunden in Skandinavien und dem \u00fcbrigen Europa an. Wir garantieren einen optimalen Verlauf \u2013 mit dem Kunden und dem Produkt im Fokus. Der Transport langer und breiter G\u00fcter geh\u00f6rt zu unserem Alltag.[\/vc_column_text][\/vc_column][vc_column width=&#8220;1\/3&#8243;][vc_column_text css=&#8220;.vc_custom_1499759787283{margin-top: 14px !important;}&#8220;]<\/p>\n<h6><a name=\"_Toc359073814\"><\/a>Stahltransporte mit LKW &#8211;\u00a0ATK bietet Ihnen folgende Vorteile<\/h6>\n<ul>\n<li>Spezialist im Bereich Stahltransport mit LKW<\/li>\n<li>Eingehende Produktkenntnisse<\/li>\n<li>Hohe Liefersicherheit<\/li>\n<li>Mehr als 50 Jahre Erfahrung<\/li>\n<li>Enge Beziehungen zu Stahlwerken und Gro\u00dfh\u00e4ndlern in ganz Europa<\/li>\n<li>Gro\u00dfe Kapazit\u00e4t und hohe Flexibilit\u00e4t<\/li>\n<li>Breit gef\u00e4chertes Serviceangebot<\/li>\n<li>Optimierte Logistikl\u00f6sungen f\u00fcr verbesserte Wettbewerbsf\u00e4higkeit<\/li>\n<\/ul>\n<p>[\/vc_column_text][\/vc_column][\/vc_row][\/vc_section]<\/p>\n<\/section>","protected":false},"excerpt":{"rendered":"<p>[vc_section][vc_row][vc_column][vc_column_text] Transport von Stahl auf\u00a0Stra\u00dfe [\/vc_column_text][\/vc_column][\/vc_row][vc_row][vc_column width=&#8220;1\/3&#8243;][vc_column_text] KOMPLETTE LOGISTIKL\u00d6SUNGEN F\u00dcR DIE STAHLINDUSTRIE [\/vc_column_text][\/vc_column][vc_column width=&#8220;1\/3&#8243;][vc_column_text]ATK bietet effiziente Transporte von sowohl St\u00fcckgut als auch Komplettladungen von und zu Kunden in Skandinavien und dem \u00fcbrigen Europa an. Wir garantieren einen optimalen Verlauf \u2013 mit dem Kunden und dem Produkt im Fokus. Der Transport langer und breiter G\u00fcter geh\u00f6rt [&hellip;]<\/p>\n","protected":false},"author":1,"featured_media":0,"parent":0,"menu_order":0,"comment_status":"closed","ping_status":"closed","template":"","meta":{"footnotes":""},"class_list":["post-97","page","type-page","status-publish","hentry"],"acf":[],"yoast_head":"<!-- This site is optimized with the Yoast SEO plugin v27.5 - https:\/\/yoast.com\/product\/yoast-seo-wordpress\/ -->\n<title>Bil - ATK<\/title>\n<meta name=\"description\" content=\"Spedition und Logistik f\u00fcr die Stahlindutrie - LKW Transport in Europa mit optimierten Logistikl\u00f6sungen f\u00fcr verbesserte Wettbewerbsf\u00e4higkeit\" \/>\n<meta name=\"robots\" content=\"index, follow, max-snippet:-1, max-image-preview:large, max-video-preview:-1\" \/>\n<link rel=\"canonical\" href=\"https:\/\/www.atk.dk\/de\/bil\/\" \/>\n<meta property=\"og:locale\" content=\"de_DE\" \/>\n<meta property=\"og:type\" content=\"article\" \/>\n<meta property=\"og:title\" content=\"Bil - ATK\" \/>\n<meta property=\"og:description\" content=\"Spedition und Logistik f\u00fcr die Stahlindutrie - LKW Transport in Europa mit optimierten Logistikl\u00f6sungen f\u00fcr verbesserte Wettbewerbsf\u00e4higkeit\" \/>\n<meta property=\"og:url\" content=\"https:\/\/www.atk.dk\/de\/bil\/\" \/>\n<meta property=\"og:site_name\" content=\"ATK\" \/>\n<meta property=\"article:modified_time\" content=\"2017-07-12T11:24:39+00:00\" \/>\n<meta name=\"twitter:card\" content=\"summary_large_image\" \/>\n<meta name=\"twitter:label1\" content=\"Gesch\u00e4tzte Lesezeit\" \/>\n\t<meta name=\"twitter:data1\" content=\"1\u00a0Minute\" \/>\n<script type=\"application\/ld+json\" class=\"yoast-schema-graph\">{\"@context\":\"https:\\\/\\\/schema.org\",\"@graph\":[{\"@type\":\"WebPage\",\"@id\":\"https:\\\/\\\/www.atk.dk\\\/de\\\/bil\\\/\",\"url\":\"https:\\\/\\\/www.atk.dk\\\/de\\\/bil\\\/\",\"name\":\"Bil - ATK\",\"isPartOf\":{\"@id\":\"https:\\\/\\\/www.atk.dk\\\/#website\"},\"datePublished\":\"2017-05-03T10:34:07+00:00\",\"dateModified\":\"2017-07-12T11:24:39+00:00\",\"description\":\"Spedition und Logistik f\u00fcr die Stahlindutrie - LKW Transport in Europa mit optimierten Logistikl\u00f6sungen f\u00fcr verbesserte Wettbewerbsf\u00e4higkeit\",\"breadcrumb\":{\"@id\":\"https:\\\/\\\/www.atk.dk\\\/de\\\/bil\\\/#breadcrumb\"},\"inLanguage\":\"de\",\"potentialAction\":[{\"@type\":\"ReadAction\",\"target\":[\"https:\\\/\\\/www.atk.dk\\\/de\\\/bil\\\/\"]}]},{\"@type\":\"BreadcrumbList\",\"@id\":\"https:\\\/\\\/www.atk.dk\\\/de\\\/bil\\\/#breadcrumb\",\"itemListElement\":[{\"@type\":\"ListItem\",\"position\":1,\"name\":\"Hjem\",\"item\":\"https:\\\/\\\/www.atk.dk\\\/de\\\/\"},{\"@type\":\"ListItem\",\"position\":2,\"name\":\"Bil\"}]},{\"@type\":\"WebSite\",\"@id\":\"https:\\\/\\\/www.atk.dk\\\/#website\",\"url\":\"https:\\\/\\\/www.atk.dk\\\/\",\"name\":\"ATK\",\"description\":\"We move steel on time\",\"potentialAction\":[{\"@type\":\"SearchAction\",\"target\":{\"@type\":\"EntryPoint\",\"urlTemplate\":\"https:\\\/\\\/www.atk.dk\\\/?s={search_term_string}\"},\"query-input\":{\"@type\":\"PropertyValueSpecification\",\"valueRequired\":true,\"valueName\":\"search_term_string\"}}],\"inLanguage\":\"de\"}]}<\/script>\n<!-- \/ Yoast SEO plugin. -->","yoast_head_json":{"title":"Bil - ATK","description":"Spedition und Logistik f\u00fcr die Stahlindutrie - LKW Transport in Europa mit optimierten Logistikl\u00f6sungen f\u00fcr verbesserte Wettbewerbsf\u00e4higkeit","robots":{"index":"index","follow":"follow","max-snippet":"max-snippet:-1","max-image-preview":"max-image-preview:large","max-video-preview":"max-video-preview:-1"},"canonical":"https:\/\/www.atk.dk\/de\/bil\/","og_locale":"de_DE","og_type":"article","og_title":"Bil - ATK","og_description":"Spedition und Logistik f\u00fcr die Stahlindutrie - LKW Transport in Europa mit optimierten Logistikl\u00f6sungen f\u00fcr verbesserte Wettbewerbsf\u00e4higkeit","og_url":"https:\/\/www.atk.dk\/de\/bil\/","og_site_name":"ATK","article_modified_time":"2017-07-12T11:24:39+00:00","twitter_card":"summary_large_image","twitter_misc":{"Gesch\u00e4tzte Lesezeit":"1\u00a0Minute"},"schema":{"@context":"https:\/\/schema.org","@graph":[{"@type":"WebPage","@id":"https:\/\/www.atk.dk\/de\/bil\/","url":"https:\/\/www.atk.dk\/de\/bil\/","name":"Bil - ATK","isPartOf":{"@id":"https:\/\/www.atk.dk\/#website"},"datePublished":"2017-05-03T10:34:07+00:00","dateModified":"2017-07-12T11:24:39+00:00","description":"Spedition und Logistik f\u00fcr die Stahlindutrie - LKW Transport in Europa mit optimierten Logistikl\u00f6sungen f\u00fcr verbesserte Wettbewerbsf\u00e4higkeit","breadcrumb":{"@id":"https:\/\/www.atk.dk\/de\/bil\/#breadcrumb"},"inLanguage":"de","potentialAction":[{"@type":"ReadAction","target":["https:\/\/www.atk.dk\/de\/bil\/"]}]},{"@type":"BreadcrumbList","@id":"https:\/\/www.atk.dk\/de\/bil\/#breadcrumb","itemListElement":[{"@type":"ListItem","position":1,"name":"Hjem","item":"https:\/\/www.atk.dk\/de\/"},{"@type":"ListItem","position":2,"name":"Bil"}]},{"@type":"WebSite","@id":"https:\/\/www.atk.dk\/#website","url":"https:\/\/www.atk.dk\/","name":"ATK","description":"We move steel on time","potentialAction":[{"@type":"SearchAction","target":{"@type":"EntryPoint","urlTemplate":"https:\/\/www.atk.dk\/?s={search_term_string}"},"query-input":{"@type":"PropertyValueSpecification","valueRequired":true,"valueName":"search_term_string"}}],"inLanguage":"de"}]}},"_links":{"self":[{"href":"https:\/\/www.atk.dk\/de\/wp-json\/wp\/v2\/pages\/97","targetHints":{"allow":["GET"]}}],"collection":[{"href":"https:\/\/www.atk.dk\/de\/wp-json\/wp\/v2\/pages"}],"about":[{"href":"https:\/\/www.atk.dk\/de\/wp-json\/wp\/v2\/types\/page"}],"author":[{"embeddable":true,"href":"https:\/\/www.atk.dk\/de\/wp-json\/wp\/v2\/users\/1"}],"replies":[{"embeddable":true,"href":"https:\/\/www.atk.dk\/de\/wp-json\/wp\/v2\/comments?post=97"}],"version-history":[{"count":0,"href":"https:\/\/www.atk.dk\/de\/wp-json\/wp\/v2\/pages\/97\/revisions"}],"wp:attachment":[{"href":"https:\/\/www.atk.dk\/de\/wp-json\/wp\/v2\/media?parent=97"}],"curies":[{"name":"wp","href":"https:\/\/api.w.org\/{rel}","templated":true}]}}