{"id":95,"date":"2017-05-03T10:34:15","date_gmt":"2017-05-03T10:34:15","guid":{"rendered":"http:\/\/www.atk.dk\/bane\/"},"modified":"2017-07-14T12:49:49","modified_gmt":"2017-07-14T10:49:49","slug":"bane","status":"publish","type":"page","link":"https:\/\/www.atk.dk\/de\/bane\/","title":{"rendered":"Bane"},"content":{"rendered":"<section class=\"wpb-content-wrapper\"><p>[vc_row][vc_column][vc_column_text]<\/p>\n<h1>Transport von Stahl auf Schiene<\/h1>\n<p>[\/vc_column_text][\/vc_column][\/vc_row][vc_row][vc_column width=&#8220;1\/3&#8243;][vc_column_text]<\/p>\n<p style=\"text-align: right;\"><strong><a href=\"#\">KOMPLETTE<br \/>\nLOGISTIKL\u00d6SUNGEN<br \/>\nF\u00dcR DIE STAHLINDUSTRIE<\/a><\/strong><\/p>\n<p>[\/vc_column_text][\/vc_column][vc_column width=&#8220;1\/3&#8243;][vc_column_text]Dank seines detaillierten Know-hows \u00fcber das europ\u00e4ische Schienennetz bietet ATK \u00fcberall dort, wo die Bahn ein optimaler und umweltfreundlicher Faktor in der Gesamttransportl\u00f6sung ist, Schienentransport von und zu Kunden in ganz Skandinavien und dem \u00fcbrigen Europa an.[\/vc_column_text][\/vc_column][vc_column width=&#8220;1\/3&#8243;][vc_column_text css=&#8220;.vc_custom_1499855592260{margin-top: 14px !important;}&#8220;]<\/p>\n<h6><a name=\"_Toc359073816\"><\/a>Stahltransporte mit der Bahn &#8211;\u00a0ATK bietet Ihnen folgende Vorteile<\/h6>\n<ul>\n<li>Spezialist im Bereich Stahltransport mit der Bahn<\/li>\n<li>Eingehende Produktkenntnisse<\/li>\n<li>Hohe Liefersicherheit<\/li>\n<li>Mehr als 50 Jahre Erfahrung<\/li>\n<li>Enge Beziehungen zu Stahlwerken und Gro\u00dfh\u00e4ndlern in ganz Europa<\/li>\n<li>Gro\u00dfe Kapazit\u00e4t und hohe Flexibilit\u00e4t<\/li>\n<li>Breit gef\u00e4chertes Serviceangebot<\/li>\n<li>Optimierte Logistikl\u00f6sungen f\u00fcr verbesserte Wettbewerbsf\u00e4higkeit<\/li>\n<li>Door to door L\u00f6sungen mit der Bahn als wesentlicher Teil der Transportkette<\/li>\n<\/ul>\n<p>[\/vc_column_text][\/vc_column][\/vc_row]<\/p>\n<\/section>","protected":false},"excerpt":{"rendered":"<p>[vc_row][vc_column][vc_column_text] Transport von Stahl auf Schiene [\/vc_column_text][\/vc_column][\/vc_row][vc_row][vc_column width=&#8220;1\/3&#8243;][vc_column_text] KOMPLETTE LOGISTIKL\u00d6SUNGEN F\u00dcR DIE STAHLINDUSTRIE [\/vc_column_text][\/vc_column][vc_column width=&#8220;1\/3&#8243;][vc_column_text]Dank seines detaillierten Know-hows \u00fcber das europ\u00e4ische Schienennetz bietet ATK \u00fcberall dort, wo die Bahn ein optimaler und umweltfreundlicher Faktor in der Gesamttransportl\u00f6sung ist, Schienentransport von und zu Kunden in ganz Skandinavien und dem \u00fcbrigen Europa an.[\/vc_column_text][\/vc_column][vc_column width=&#8220;1\/3&#8243;][vc_column_text css=&#8220;.vc_custom_1499855592260{margin-top: 14px !important;}&#8220;] [&hellip;]<\/p>\n","protected":false},"author":1,"featured_media":0,"parent":0,"menu_order":0,"comment_status":"closed","ping_status":"closed","template":"","meta":{"footnotes":""},"class_list":["post-95","page","type-page","status-publish","hentry"],"acf":[],"yoast_head":"<!-- This site is optimized with the Yoast SEO plugin v27.5 - https:\/\/yoast.com\/product\/yoast-seo-wordpress\/ -->\n<title>Bane - ATK<\/title>\n<meta name=\"description\" content=\"Komplette Logistikl\u00f6sungen f\u00fcr die Stahlindustrie in Europa - detaillierten Know-how \u00fcber das europ\u00e4ische Schienennetz\" \/>\n<meta name=\"robots\" content=\"index, follow, max-snippet:-1, max-image-preview:large, max-video-preview:-1\" \/>\n<link rel=\"canonical\" href=\"https:\/\/www.atk.dk\/de\/bane\/\" \/>\n<meta property=\"og:locale\" content=\"de_DE\" \/>\n<meta property=\"og:type\" content=\"article\" \/>\n<meta property=\"og:title\" content=\"Bane - ATK\" \/>\n<meta property=\"og:description\" content=\"Komplette Logistikl\u00f6sungen f\u00fcr die Stahlindustrie in Europa - detaillierten Know-how \u00fcber das europ\u00e4ische Schienennetz\" \/>\n<meta property=\"og:url\" content=\"https:\/\/www.atk.dk\/de\/bane\/\" \/>\n<meta property=\"og:site_name\" content=\"ATK\" \/>\n<meta property=\"article:modified_time\" content=\"2017-07-14T10:49:49+00:00\" \/>\n<meta name=\"twitter:card\" content=\"summary_large_image\" \/>\n<meta name=\"twitter:label1\" content=\"Gesch\u00e4tzte Lesezeit\" \/>\n\t<meta name=\"twitter:data1\" content=\"1\u00a0Minute\" \/>\n<script type=\"application\/ld+json\" class=\"yoast-schema-graph\">{\"@context\":\"https:\\\/\\\/schema.org\",\"@graph\":[{\"@type\":\"WebPage\",\"@id\":\"https:\\\/\\\/www.atk.dk\\\/de\\\/bane\\\/\",\"url\":\"https:\\\/\\\/www.atk.dk\\\/de\\\/bane\\\/\",\"name\":\"Bane - ATK\",\"isPartOf\":{\"@id\":\"https:\\\/\\\/www.atk.dk\\\/#website\"},\"datePublished\":\"2017-05-03T10:34:15+00:00\",\"dateModified\":\"2017-07-14T10:49:49+00:00\",\"description\":\"Komplette Logistikl\u00f6sungen f\u00fcr die Stahlindustrie in Europa - detaillierten Know-how \u00fcber das europ\u00e4ische Schienennetz\",\"breadcrumb\":{\"@id\":\"https:\\\/\\\/www.atk.dk\\\/de\\\/bane\\\/#breadcrumb\"},\"inLanguage\":\"de\",\"potentialAction\":[{\"@type\":\"ReadAction\",\"target\":[\"https:\\\/\\\/www.atk.dk\\\/de\\\/bane\\\/\"]}]},{\"@type\":\"BreadcrumbList\",\"@id\":\"https:\\\/\\\/www.atk.dk\\\/de\\\/bane\\\/#breadcrumb\",\"itemListElement\":[{\"@type\":\"ListItem\",\"position\":1,\"name\":\"Hjem\",\"item\":\"https:\\\/\\\/www.atk.dk\\\/de\\\/\"},{\"@type\":\"ListItem\",\"position\":2,\"name\":\"Bane\"}]},{\"@type\":\"WebSite\",\"@id\":\"https:\\\/\\\/www.atk.dk\\\/#website\",\"url\":\"https:\\\/\\\/www.atk.dk\\\/\",\"name\":\"ATK\",\"description\":\"We move steel on time\",\"potentialAction\":[{\"@type\":\"SearchAction\",\"target\":{\"@type\":\"EntryPoint\",\"urlTemplate\":\"https:\\\/\\\/www.atk.dk\\\/?s={search_term_string}\"},\"query-input\":{\"@type\":\"PropertyValueSpecification\",\"valueRequired\":true,\"valueName\":\"search_term_string\"}}],\"inLanguage\":\"de\"}]}<\/script>\n<!-- \/ Yoast SEO plugin. -->","yoast_head_json":{"title":"Bane - ATK","description":"Komplette Logistikl\u00f6sungen f\u00fcr die Stahlindustrie in Europa - detaillierten Know-how \u00fcber das europ\u00e4ische Schienennetz","robots":{"index":"index","follow":"follow","max-snippet":"max-snippet:-1","max-image-preview":"max-image-preview:large","max-video-preview":"max-video-preview:-1"},"canonical":"https:\/\/www.atk.dk\/de\/bane\/","og_locale":"de_DE","og_type":"article","og_title":"Bane - ATK","og_description":"Komplette Logistikl\u00f6sungen f\u00fcr die Stahlindustrie in Europa - detaillierten Know-how \u00fcber das europ\u00e4ische Schienennetz","og_url":"https:\/\/www.atk.dk\/de\/bane\/","og_site_name":"ATK","article_modified_time":"2017-07-14T10:49:49+00:00","twitter_card":"summary_large_image","twitter_misc":{"Gesch\u00e4tzte Lesezeit":"1\u00a0Minute"},"schema":{"@context":"https:\/\/schema.org","@graph":[{"@type":"WebPage","@id":"https:\/\/www.atk.dk\/de\/bane\/","url":"https:\/\/www.atk.dk\/de\/bane\/","name":"Bane - ATK","isPartOf":{"@id":"https:\/\/www.atk.dk\/#website"},"datePublished":"2017-05-03T10:34:15+00:00","dateModified":"2017-07-14T10:49:49+00:00","description":"Komplette Logistikl\u00f6sungen f\u00fcr die Stahlindustrie in Europa - detaillierten Know-how \u00fcber das europ\u00e4ische Schienennetz","breadcrumb":{"@id":"https:\/\/www.atk.dk\/de\/bane\/#breadcrumb"},"inLanguage":"de","potentialAction":[{"@type":"ReadAction","target":["https:\/\/www.atk.dk\/de\/bane\/"]}]},{"@type":"BreadcrumbList","@id":"https:\/\/www.atk.dk\/de\/bane\/#breadcrumb","itemListElement":[{"@type":"ListItem","position":1,"name":"Hjem","item":"https:\/\/www.atk.dk\/de\/"},{"@type":"ListItem","position":2,"name":"Bane"}]},{"@type":"WebSite","@id":"https:\/\/www.atk.dk\/#website","url":"https:\/\/www.atk.dk\/","name":"ATK","description":"We move steel on time","potentialAction":[{"@type":"SearchAction","target":{"@type":"EntryPoint","urlTemplate":"https:\/\/www.atk.dk\/?s={search_term_string}"},"query-input":{"@type":"PropertyValueSpecification","valueRequired":true,"valueName":"search_term_string"}}],"inLanguage":"de"}]}},"_links":{"self":[{"href":"https:\/\/www.atk.dk\/de\/wp-json\/wp\/v2\/pages\/95","targetHints":{"allow":["GET"]}}],"collection":[{"href":"https:\/\/www.atk.dk\/de\/wp-json\/wp\/v2\/pages"}],"about":[{"href":"https:\/\/www.atk.dk\/de\/wp-json\/wp\/v2\/types\/page"}],"author":[{"embeddable":true,"href":"https:\/\/www.atk.dk\/de\/wp-json\/wp\/v2\/users\/1"}],"replies":[{"embeddable":true,"href":"https:\/\/www.atk.dk\/de\/wp-json\/wp\/v2\/comments?post=95"}],"version-history":[{"count":0,"href":"https:\/\/www.atk.dk\/de\/wp-json\/wp\/v2\/pages\/95\/revisions"}],"wp:attachment":[{"href":"https:\/\/www.atk.dk\/de\/wp-json\/wp\/v2\/media?parent=95"}],"curies":[{"name":"wp","href":"https:\/\/api.w.org\/{rel}","templated":true}]}}