{"id":78,"date":"2017-05-03T09:59:07","date_gmt":"2017-05-03T09:59:07","guid":{"rendered":"http:\/\/www.atk.dk\/home\/"},"modified":"2017-07-12T20:12:03","modified_gmt":"2017-07-12T18:12:03","slug":"startseite","status":"publish","type":"page","link":"https:\/\/www.atk.dk\/de\/","title":{"rendered":"Startseite"},"content":{"rendered":"<section class=\"wpb-content-wrapper\"><p>[vc_section][vc_row][vc_column][vc_column_text]<\/p>\n<div id=\"gt-res-content\">\n<h1 id=\"gt-res-dir-ctr\" class=\"trans-verified-button-large\" dir=\"ltr\"><span id=\"result_box\" class=\"short_text\" lang=\"de\">Transport von Stahl auf Stra\u00dfe, Schiene und Wasser<\/span><\/h1>\n<\/div>\n<p>[\/vc_column_text][\/vc_column][\/vc_row][vc_row][vc_column width=&#8220;1\/3&#8243;][vc_column_text]<\/p>\n<p style=\"text-align: right;\"><strong><a href=\"#\">INTERNATIONALER<br \/>\nTRANSPORT &amp;<br \/>\nSPEDITION<\/a><\/strong><\/p>\n<p>[\/vc_column_text][\/vc_column][vc_column width=&#8220;1\/3&#8243;][vc_column_text]Mit mehr als 14.000 j\u00e4hrlichen Abfertigungen von Stahl f\u00fcr den europ\u00e4ischen Stahlmarkt ist ATK Experte im Transport von Stahl auf Stra\u00dfe, Schiene und Wasser. Wir verf\u00fcgen \u00fcber tief greifende Produktkenntnis und versorgen in einer zuverl\u00e4ssigen, auf Vertrauen basierenden Zusammenarbeit Stahlwerke, H\u00e4ndler und Verbraucher mit Stahl zur rechten Zeit.[\/vc_column_text][\/vc_column][vc_column width=&#8220;1\/3&#8243;][vc_column_text]Wenn Sie sich f\u00fcr die Zusammenarbeit mit ATK entscheiden, entscheiden Sie sich f\u00fcr einen qualifizierten und stolzen Gesch\u00e4ftspartner, der \u00fcber mehr als 50 Jahre Erfahrung im Transport von Stahl verf\u00fcgt. Wir haben eingehende Kenntnisse, was die Anforderungen und W\u00fcnsche von sowohl Herstellern als auch Verbrauchern angeht. Zudem bieten wir gro\u00dfe Kapazit\u00e4t, ein breit gef\u00e4chertes Serviceangebot und hohe Liefersicherheit an.<\/p>\n<p>ATK verf\u00fcgt \u00fcber solide Finanzen und besitzt die h\u00f6chste Kreditw\u00fcrdigkeit AAA.[\/vc_column_text][\/vc_column][\/vc_row][\/vc_section]<\/p>\n<\/section>","protected":false},"excerpt":{"rendered":"<p>[vc_section][vc_row][vc_column][vc_column_text] Transport von Stahl auf Stra\u00dfe, Schiene und Wasser [\/vc_column_text][\/vc_column][\/vc_row][vc_row][vc_column width=&#8220;1\/3&#8243;][vc_column_text] INTERNATIONALER TRANSPORT &amp; SPEDITION [\/vc_column_text][\/vc_column][vc_column width=&#8220;1\/3&#8243;][vc_column_text]Mit mehr als 14.000 j\u00e4hrlichen Abfertigungen von Stahl f\u00fcr den europ\u00e4ischen Stahlmarkt ist ATK Experte im Transport von Stahl auf Stra\u00dfe, Schiene und Wasser. Wir verf\u00fcgen \u00fcber tief greifende Produktkenntnis und versorgen in einer zuverl\u00e4ssigen, auf Vertrauen basierenden Zusammenarbeit [&hellip;]<\/p>\n","protected":false},"author":1,"featured_media":0,"parent":0,"menu_order":0,"comment_status":"closed","ping_status":"closed","template":"","meta":{"footnotes":""},"class_list":["post-78","page","type-page","status-publish","hentry"],"acf":[],"yoast_head":"<!-- This site is optimized with the Yoast SEO plugin v27.5 - https:\/\/yoast.com\/product\/yoast-seo-wordpress\/ -->\n<title>Startseite - ATK<\/title>\n<meta name=\"description\" content=\"Internationaler Transport und Spedition: ATK ist Experte im Transport von Stahl auf Stra\u00dfe, Schiene und Wasser. Stahl zur rechten Zeit\" \/>\n<meta name=\"robots\" content=\"index, follow, max-snippet:-1, max-image-preview:large, max-video-preview:-1\" \/>\n<link rel=\"canonical\" href=\"https:\/\/www.atk.dk\/de\/\" \/>\n<meta property=\"og:locale\" content=\"de_DE\" \/>\n<meta property=\"og:type\" content=\"article\" \/>\n<meta property=\"og:title\" content=\"Startseite - ATK\" \/>\n<meta property=\"og:description\" content=\"Internationaler Transport und Spedition: ATK ist Experte im Transport von Stahl auf Stra\u00dfe, Schiene und Wasser. Stahl zur rechten Zeit\" \/>\n<meta property=\"og:url\" content=\"https:\/\/www.atk.dk\/de\/\" \/>\n<meta property=\"og:site_name\" content=\"ATK\" \/>\n<meta property=\"article:modified_time\" content=\"2017-07-12T18:12:03+00:00\" \/>\n<meta name=\"twitter:card\" content=\"summary_large_image\" \/>\n<meta name=\"twitter:label1\" content=\"Gesch\u00e4tzte Lesezeit\" \/>\n\t<meta name=\"twitter:data1\" content=\"1\u00a0Minute\" \/>\n<script type=\"application\/ld+json\" class=\"yoast-schema-graph\">{\"@context\":\"https:\\\/\\\/schema.org\",\"@graph\":[{\"@type\":\"WebPage\",\"@id\":\"https:\\\/\\\/www.atk.dk\\\/de\\\/\",\"url\":\"https:\\\/\\\/www.atk.dk\\\/de\\\/\",\"name\":\"Startseite - ATK\",\"isPartOf\":{\"@id\":\"https:\\\/\\\/www.atk.dk\\\/#website\"},\"datePublished\":\"2017-05-03T09:59:07+00:00\",\"dateModified\":\"2017-07-12T18:12:03+00:00\",\"description\":\"Internationaler Transport und Spedition: ATK ist Experte im Transport von Stahl auf Stra\u00dfe, Schiene und Wasser. Stahl zur rechten Zeit\",\"breadcrumb\":{\"@id\":\"https:\\\/\\\/www.atk.dk\\\/de\\\/#breadcrumb\"},\"inLanguage\":\"de\",\"potentialAction\":[{\"@type\":\"ReadAction\",\"target\":[\"https:\\\/\\\/www.atk.dk\\\/de\\\/\"]}]},{\"@type\":\"BreadcrumbList\",\"@id\":\"https:\\\/\\\/www.atk.dk\\\/de\\\/#breadcrumb\",\"itemListElement\":[{\"@type\":\"ListItem\",\"position\":1,\"name\":\"Hjem\",\"item\":\"https:\\\/\\\/www.atk.dk\\\/de\\\/\"},{\"@type\":\"ListItem\",\"position\":2,\"name\":\"Startseite\"}]},{\"@type\":\"WebSite\",\"@id\":\"https:\\\/\\\/www.atk.dk\\\/#website\",\"url\":\"https:\\\/\\\/www.atk.dk\\\/\",\"name\":\"ATK\",\"description\":\"We move steel on time\",\"potentialAction\":[{\"@type\":\"SearchAction\",\"target\":{\"@type\":\"EntryPoint\",\"urlTemplate\":\"https:\\\/\\\/www.atk.dk\\\/?s={search_term_string}\"},\"query-input\":{\"@type\":\"PropertyValueSpecification\",\"valueRequired\":true,\"valueName\":\"search_term_string\"}}],\"inLanguage\":\"de\"}]}<\/script>\n<!-- \/ Yoast SEO plugin. -->","yoast_head_json":{"title":"Startseite - ATK","description":"Internationaler Transport und Spedition: ATK ist Experte im Transport von Stahl auf Stra\u00dfe, Schiene und Wasser. Stahl zur rechten Zeit","robots":{"index":"index","follow":"follow","max-snippet":"max-snippet:-1","max-image-preview":"max-image-preview:large","max-video-preview":"max-video-preview:-1"},"canonical":"https:\/\/www.atk.dk\/de\/","og_locale":"de_DE","og_type":"article","og_title":"Startseite - ATK","og_description":"Internationaler Transport und Spedition: ATK ist Experte im Transport von Stahl auf Stra\u00dfe, Schiene und Wasser. Stahl zur rechten Zeit","og_url":"https:\/\/www.atk.dk\/de\/","og_site_name":"ATK","article_modified_time":"2017-07-12T18:12:03+00:00","twitter_card":"summary_large_image","twitter_misc":{"Gesch\u00e4tzte Lesezeit":"1\u00a0Minute"},"schema":{"@context":"https:\/\/schema.org","@graph":[{"@type":"WebPage","@id":"https:\/\/www.atk.dk\/de\/","url":"https:\/\/www.atk.dk\/de\/","name":"Startseite - ATK","isPartOf":{"@id":"https:\/\/www.atk.dk\/#website"},"datePublished":"2017-05-03T09:59:07+00:00","dateModified":"2017-07-12T18:12:03+00:00","description":"Internationaler Transport und Spedition: ATK ist Experte im Transport von Stahl auf Stra\u00dfe, Schiene und Wasser. Stahl zur rechten Zeit","breadcrumb":{"@id":"https:\/\/www.atk.dk\/de\/#breadcrumb"},"inLanguage":"de","potentialAction":[{"@type":"ReadAction","target":["https:\/\/www.atk.dk\/de\/"]}]},{"@type":"BreadcrumbList","@id":"https:\/\/www.atk.dk\/de\/#breadcrumb","itemListElement":[{"@type":"ListItem","position":1,"name":"Hjem","item":"https:\/\/www.atk.dk\/de\/"},{"@type":"ListItem","position":2,"name":"Startseite"}]},{"@type":"WebSite","@id":"https:\/\/www.atk.dk\/#website","url":"https:\/\/www.atk.dk\/","name":"ATK","description":"We move steel on time","potentialAction":[{"@type":"SearchAction","target":{"@type":"EntryPoint","urlTemplate":"https:\/\/www.atk.dk\/?s={search_term_string}"},"query-input":{"@type":"PropertyValueSpecification","valueRequired":true,"valueName":"search_term_string"}}],"inLanguage":"de"}]}},"_links":{"self":[{"href":"https:\/\/www.atk.dk\/de\/wp-json\/wp\/v2\/pages\/78","targetHints":{"allow":["GET"]}}],"collection":[{"href":"https:\/\/www.atk.dk\/de\/wp-json\/wp\/v2\/pages"}],"about":[{"href":"https:\/\/www.atk.dk\/de\/wp-json\/wp\/v2\/types\/page"}],"author":[{"embeddable":true,"href":"https:\/\/www.atk.dk\/de\/wp-json\/wp\/v2\/users\/1"}],"replies":[{"embeddable":true,"href":"https:\/\/www.atk.dk\/de\/wp-json\/wp\/v2\/comments?post=78"}],"version-history":[{"count":0,"href":"https:\/\/www.atk.dk\/de\/wp-json\/wp\/v2\/pages\/78\/revisions"}],"wp:attachment":[{"href":"https:\/\/www.atk.dk\/de\/wp-json\/wp\/v2\/media?parent=78"}],"curies":[{"name":"wp","href":"https:\/\/api.w.org\/{rel}","templated":true}]}}