{"id":459,"date":"2017-07-11T15:02:55","date_gmt":"2017-07-11T13:02:55","guid":{"rendered":"http:\/\/www.atk.dk\/?page_id=459\/"},"modified":"2017-07-14T12:50:31","modified_gmt":"2017-07-14T10:50:31","slug":"galleri","status":"publish","type":"page","link":"https:\/\/www.atk.dk\/de\/galleri\/","title":{"rendered":"Galleri"},"content":{"rendered":"<section class=\"wpb-content-wrapper\"><p>[vc_row][vc_column][vc_row_inner][vc_column_inner][vc_column_text]<\/p>\n<h1>Galerie<\/h1>\n<p>[\/vc_column_text][\/vc_column_inner][\/vc_row_inner][\/vc_column][\/vc_row][vc_row gap=&#8220;20&#8243;][vc_column][vc_gallery type=&#8220;image_grid&#8220; images=&#8220;387,388,389,402,400,390,397,398,399,407,401,403,404,406,480,391,394,396,395,581,582&#8243; img_size=&#8220;330&#215;216&#8243;][\/vc_column][\/vc_row]<\/p>\n<\/section>","protected":false},"excerpt":{"rendered":"<p>[vc_row][vc_column][vc_row_inner][vc_column_inner][vc_column_text] Galerie [\/vc_column_text][\/vc_column_inner][\/vc_row_inner][\/vc_column][\/vc_row][vc_row gap=&#8220;20&#8243;][vc_column][vc_gallery type=&#8220;image_grid&#8220; images=&#8220;387,388,389,402,400,390,397,398,399,407,401,403,404,406,480,391,394,396,395,581,582&#8243; img_size=&#8220;330&#215;216&#8243;][\/vc_column][\/vc_row]<\/p>\n","protected":false},"author":2,"featured_media":0,"parent":0,"menu_order":0,"comment_status":"closed","ping_status":"closed","template":"","meta":{"footnotes":""},"class_list":["post-459","page","type-page","status-publish","hentry"],"acf":[],"yoast_head":"<!-- This site is optimized with the Yoast SEO plugin v27.5 - https:\/\/yoast.com\/product\/yoast-seo-wordpress\/ -->\n<title>Galleri - ATK<\/title>\n<meta name=\"description\" content=\"Galerie: Spedition, Logistikl\u00f6sungen, Transport von Stahl auf Strasse, Schiene und Wasser, ATK - p\u00fcnktliche Lieferung ist eine Selbstverst\u00e4ndlichkeit...\" \/>\n<meta name=\"robots\" content=\"index, follow, max-snippet:-1, max-image-preview:large, max-video-preview:-1\" \/>\n<link rel=\"canonical\" href=\"https:\/\/www.atk.dk\/de\/galleri\/\" \/>\n<meta property=\"og:locale\" content=\"de_DE\" \/>\n<meta property=\"og:type\" content=\"article\" \/>\n<meta property=\"og:title\" content=\"Galleri - ATK\" \/>\n<meta property=\"og:description\" content=\"Galerie: Spedition, Logistikl\u00f6sungen, Transport von Stahl auf Strasse, Schiene und Wasser, ATK - p\u00fcnktliche Lieferung ist eine Selbstverst\u00e4ndlichkeit...\" \/>\n<meta property=\"og:url\" content=\"https:\/\/www.atk.dk\/de\/galleri\/\" \/>\n<meta property=\"og:site_name\" content=\"ATK\" \/>\n<meta property=\"article:modified_time\" content=\"2017-07-14T10:50:31+00:00\" \/>\n<meta name=\"twitter:card\" content=\"summary_large_image\" \/>\n<script type=\"application\/ld+json\" class=\"yoast-schema-graph\">{\"@context\":\"https:\\\/\\\/schema.org\",\"@graph\":[{\"@type\":\"WebPage\",\"@id\":\"https:\\\/\\\/www.atk.dk\\\/de\\\/galleri\\\/\",\"url\":\"https:\\\/\\\/www.atk.dk\\\/de\\\/galleri\\\/\",\"name\":\"Galleri - ATK\",\"isPartOf\":{\"@id\":\"https:\\\/\\\/www.atk.dk\\\/#website\"},\"datePublished\":\"2017-07-11T13:02:55+00:00\",\"dateModified\":\"2017-07-14T10:50:31+00:00\",\"description\":\"Galerie: Spedition, Logistikl\u00f6sungen, Transport von Stahl auf Strasse, Schiene und Wasser, ATK - p\u00fcnktliche Lieferung ist eine Selbstverst\u00e4ndlichkeit...\",\"breadcrumb\":{\"@id\":\"https:\\\/\\\/www.atk.dk\\\/de\\\/galleri\\\/#breadcrumb\"},\"inLanguage\":\"de\",\"potentialAction\":[{\"@type\":\"ReadAction\",\"target\":[\"https:\\\/\\\/www.atk.dk\\\/de\\\/galleri\\\/\"]}]},{\"@type\":\"BreadcrumbList\",\"@id\":\"https:\\\/\\\/www.atk.dk\\\/de\\\/galleri\\\/#breadcrumb\",\"itemListElement\":[{\"@type\":\"ListItem\",\"position\":1,\"name\":\"Hjem\",\"item\":\"https:\\\/\\\/www.atk.dk\\\/de\\\/\"},{\"@type\":\"ListItem\",\"position\":2,\"name\":\"Galleri\"}]},{\"@type\":\"WebSite\",\"@id\":\"https:\\\/\\\/www.atk.dk\\\/#website\",\"url\":\"https:\\\/\\\/www.atk.dk\\\/\",\"name\":\"ATK\",\"description\":\"We move steel on time\",\"potentialAction\":[{\"@type\":\"SearchAction\",\"target\":{\"@type\":\"EntryPoint\",\"urlTemplate\":\"https:\\\/\\\/www.atk.dk\\\/?s={search_term_string}\"},\"query-input\":{\"@type\":\"PropertyValueSpecification\",\"valueRequired\":true,\"valueName\":\"search_term_string\"}}],\"inLanguage\":\"de\"}]}<\/script>\n<!-- \/ Yoast SEO plugin. -->","yoast_head_json":{"title":"Galleri - ATK","description":"Galerie: Spedition, Logistikl\u00f6sungen, Transport von Stahl auf Strasse, Schiene und Wasser, ATK - p\u00fcnktliche Lieferung ist eine Selbstverst\u00e4ndlichkeit...","robots":{"index":"index","follow":"follow","max-snippet":"max-snippet:-1","max-image-preview":"max-image-preview:large","max-video-preview":"max-video-preview:-1"},"canonical":"https:\/\/www.atk.dk\/de\/galleri\/","og_locale":"de_DE","og_type":"article","og_title":"Galleri - ATK","og_description":"Galerie: Spedition, Logistikl\u00f6sungen, Transport von Stahl auf Strasse, Schiene und Wasser, ATK - p\u00fcnktliche Lieferung ist eine Selbstverst\u00e4ndlichkeit...","og_url":"https:\/\/www.atk.dk\/de\/galleri\/","og_site_name":"ATK","article_modified_time":"2017-07-14T10:50:31+00:00","twitter_card":"summary_large_image","schema":{"@context":"https:\/\/schema.org","@graph":[{"@type":"WebPage","@id":"https:\/\/www.atk.dk\/de\/galleri\/","url":"https:\/\/www.atk.dk\/de\/galleri\/","name":"Galleri - ATK","isPartOf":{"@id":"https:\/\/www.atk.dk\/#website"},"datePublished":"2017-07-11T13:02:55+00:00","dateModified":"2017-07-14T10:50:31+00:00","description":"Galerie: Spedition, Logistikl\u00f6sungen, Transport von Stahl auf Strasse, Schiene und Wasser, ATK - p\u00fcnktliche Lieferung ist eine Selbstverst\u00e4ndlichkeit...","breadcrumb":{"@id":"https:\/\/www.atk.dk\/de\/galleri\/#breadcrumb"},"inLanguage":"de","potentialAction":[{"@type":"ReadAction","target":["https:\/\/www.atk.dk\/de\/galleri\/"]}]},{"@type":"BreadcrumbList","@id":"https:\/\/www.atk.dk\/de\/galleri\/#breadcrumb","itemListElement":[{"@type":"ListItem","position":1,"name":"Hjem","item":"https:\/\/www.atk.dk\/de\/"},{"@type":"ListItem","position":2,"name":"Galleri"}]},{"@type":"WebSite","@id":"https:\/\/www.atk.dk\/#website","url":"https:\/\/www.atk.dk\/","name":"ATK","description":"We move steel on time","potentialAction":[{"@type":"SearchAction","target":{"@type":"EntryPoint","urlTemplate":"https:\/\/www.atk.dk\/?s={search_term_string}"},"query-input":{"@type":"PropertyValueSpecification","valueRequired":true,"valueName":"search_term_string"}}],"inLanguage":"de"}]}},"_links":{"self":[{"href":"https:\/\/www.atk.dk\/de\/wp-json\/wp\/v2\/pages\/459","targetHints":{"allow":["GET"]}}],"collection":[{"href":"https:\/\/www.atk.dk\/de\/wp-json\/wp\/v2\/pages"}],"about":[{"href":"https:\/\/www.atk.dk\/de\/wp-json\/wp\/v2\/types\/page"}],"author":[{"embeddable":true,"href":"https:\/\/www.atk.dk\/de\/wp-json\/wp\/v2\/users\/2"}],"replies":[{"embeddable":true,"href":"https:\/\/www.atk.dk\/de\/wp-json\/wp\/v2\/comments?post=459"}],"version-history":[{"count":0,"href":"https:\/\/www.atk.dk\/de\/wp-json\/wp\/v2\/pages\/459\/revisions"}],"wp:attachment":[{"href":"https:\/\/www.atk.dk\/de\/wp-json\/wp\/v2\/media?parent=459"}],"curies":[{"name":"wp","href":"https:\/\/api.w.org\/{rel}","templated":true}]}}