{"id":348,"date":"2017-06-15T09:04:42","date_gmt":"2017-06-15T07:04:42","guid":{"rendered":"http:\/\/www.atk.dk\/profil\/"},"modified":"2017-07-12T13:33:19","modified_gmt":"2017-07-12T11:33:19","slug":"profil","status":"publish","type":"page","link":"https:\/\/www.atk.dk\/de\/profil\/","title":{"rendered":"Profil"},"content":{"rendered":"<section class=\"wpb-content-wrapper\"><p>[vc_row][vc_column width=&#8220;1\/3&#8243;][\/vc_column][vc_column width=&#8220;1\/3&#8243;][vc_column_text]<\/p>\n<h1>\u00dcber ATK<\/h1>\n<p>[\/vc_column_text][\/vc_column][vc_column width=&#8220;1\/3&#8243;][\/vc_column][\/vc_row][vc_row][vc_column width=&#8220;1\/3&#8243;][\/vc_column][vc_column width=&#8220;1\/3&#8243;][vc_column_text]Seit den Anf\u00e4ngen 1966 baut ATK seine Kompetenzen im Bereich Stahltransporte aus und\u00a0ist heute ein gut konsolidiertes Transportunternehmen.<\/p>\n<p>Das Fundament von ATK sind die drei Eigent\u00fcmer des Unternehmens sowie kompetente und engagierte Mitarbeiter, die mit viel Erfahrung Umschlag und Transport der Stahlprodukte wahrnehmen.[\/vc_column_text][\/vc_column][vc_column width=&#8220;1\/3&#8243;][vc_column_text]<\/p>\n<h6>Know how,<br \/>\nQualit\u00e4t und Zuverl\u00e4ssigkeit<\/h6>\n<p>Wir bei ATK sind ehrgeizig und bem\u00fchen uns zielorientiert, die bereits hohen Standards laufend zu verbessern. Wir verstehen und respektieren die Anforderungen, die an die professionelle Handhabung und den sicheren Transport von Stahl gestellt werden. Durch unser diesbez\u00fcgliches Know-how sowie einen engen, auf Vertrauen basierenden Dialog garantieren wir, dass Sie hinsichtlich Qualit\u00e4t und Liefersicherheit bei ATK einen positiven Unterschied feststellen werden.<\/p>\n<p>ATK verf\u00fcgt \u00fcber solide Finanzen und besitzt die h\u00f6chste Kreditw\u00fcrdigkeit AAA.[\/vc_column_text][\/vc_column][\/vc_row]<\/p>\n<\/section>","protected":false},"excerpt":{"rendered":"<p>[vc_row][vc_column width=&#8220;1\/3&#8243;][\/vc_column][vc_column width=&#8220;1\/3&#8243;][vc_column_text] \u00dcber ATK [\/vc_column_text][\/vc_column][vc_column width=&#8220;1\/3&#8243;][\/vc_column][\/vc_row][vc_row][vc_column width=&#8220;1\/3&#8243;][\/vc_column][vc_column width=&#8220;1\/3&#8243;][vc_column_text]Seit den Anf\u00e4ngen 1966 baut ATK seine Kompetenzen im Bereich Stahltransporte aus und\u00a0ist heute ein gut konsolidiertes Transportunternehmen. Das Fundament von ATK sind die drei Eigent\u00fcmer des Unternehmens sowie kompetente und engagierte Mitarbeiter, die mit viel Erfahrung Umschlag und Transport der Stahlprodukte wahrnehmen.[\/vc_column_text][\/vc_column][vc_column width=&#8220;1\/3&#8243;][vc_column_text] Know how, Qualit\u00e4t [&hellip;]<\/p>\n","protected":false},"author":2,"featured_media":0,"parent":0,"menu_order":0,"comment_status":"closed","ping_status":"closed","template":"","meta":{"footnotes":""},"class_list":["post-348","page","type-page","status-publish","hentry"],"acf":[],"yoast_head":"<!-- This site is optimized with the Yoast SEO plugin v27.4 - https:\/\/yoast.com\/product\/yoast-seo-wordpress\/ -->\n<title>Profil - ATK<\/title>\n<meta name=\"description\" content=\"Seit den Anf\u00e4ngen 1966 baut ATK seine Kompetenzen im Bereich Stahltransporte aus und ist heute ein gut konsolidiertes Transportunternehmen\" \/>\n<meta name=\"robots\" content=\"index, follow, max-snippet:-1, max-image-preview:large, max-video-preview:-1\" \/>\n<link rel=\"canonical\" href=\"https:\/\/www.atk.dk\/de\/profil\/\" \/>\n<meta property=\"og:locale\" content=\"de_DE\" \/>\n<meta property=\"og:type\" content=\"article\" \/>\n<meta property=\"og:title\" content=\"Profil - ATK\" \/>\n<meta property=\"og:description\" content=\"Seit den Anf\u00e4ngen 1966 baut ATK seine Kompetenzen im Bereich Stahltransporte aus und ist heute ein gut konsolidiertes Transportunternehmen\" \/>\n<meta property=\"og:url\" content=\"https:\/\/www.atk.dk\/de\/profil\/\" \/>\n<meta property=\"og:site_name\" content=\"ATK\" \/>\n<meta property=\"article:modified_time\" content=\"2017-07-12T11:33:19+00:00\" \/>\n<meta name=\"twitter:card\" content=\"summary_large_image\" \/>\n<meta name=\"twitter:label1\" content=\"Gesch\u00e4tzte Lesezeit\" \/>\n\t<meta name=\"twitter:data1\" content=\"1\u00a0Minute\" \/>\n<script type=\"application\/ld+json\" class=\"yoast-schema-graph\">{\"@context\":\"https:\\\/\\\/schema.org\",\"@graph\":[{\"@type\":\"WebPage\",\"@id\":\"https:\\\/\\\/www.atk.dk\\\/de\\\/profil\\\/\",\"url\":\"https:\\\/\\\/www.atk.dk\\\/de\\\/profil\\\/\",\"name\":\"Profil - ATK\",\"isPartOf\":{\"@id\":\"https:\\\/\\\/www.atk.dk\\\/#website\"},\"datePublished\":\"2017-06-15T07:04:42+00:00\",\"dateModified\":\"2017-07-12T11:33:19+00:00\",\"description\":\"Seit den Anf\u00e4ngen 1966 baut ATK seine Kompetenzen im Bereich Stahltransporte aus und ist heute ein gut konsolidiertes Transportunternehmen\",\"breadcrumb\":{\"@id\":\"https:\\\/\\\/www.atk.dk\\\/de\\\/profil\\\/#breadcrumb\"},\"inLanguage\":\"de\",\"potentialAction\":[{\"@type\":\"ReadAction\",\"target\":[\"https:\\\/\\\/www.atk.dk\\\/de\\\/profil\\\/\"]}]},{\"@type\":\"BreadcrumbList\",\"@id\":\"https:\\\/\\\/www.atk.dk\\\/de\\\/profil\\\/#breadcrumb\",\"itemListElement\":[{\"@type\":\"ListItem\",\"position\":1,\"name\":\"Hjem\",\"item\":\"https:\\\/\\\/www.atk.dk\\\/de\\\/\"},{\"@type\":\"ListItem\",\"position\":2,\"name\":\"Profil\"}]},{\"@type\":\"WebSite\",\"@id\":\"https:\\\/\\\/www.atk.dk\\\/#website\",\"url\":\"https:\\\/\\\/www.atk.dk\\\/\",\"name\":\"ATK\",\"description\":\"We move steel on time\",\"potentialAction\":[{\"@type\":\"SearchAction\",\"target\":{\"@type\":\"EntryPoint\",\"urlTemplate\":\"https:\\\/\\\/www.atk.dk\\\/?s={search_term_string}\"},\"query-input\":{\"@type\":\"PropertyValueSpecification\",\"valueRequired\":true,\"valueName\":\"search_term_string\"}}],\"inLanguage\":\"de\"}]}<\/script>\n<!-- \/ Yoast SEO plugin. -->","yoast_head_json":{"title":"Profil - ATK","description":"Seit den Anf\u00e4ngen 1966 baut ATK seine Kompetenzen im Bereich Stahltransporte aus und ist heute ein gut konsolidiertes Transportunternehmen","robots":{"index":"index","follow":"follow","max-snippet":"max-snippet:-1","max-image-preview":"max-image-preview:large","max-video-preview":"max-video-preview:-1"},"canonical":"https:\/\/www.atk.dk\/de\/profil\/","og_locale":"de_DE","og_type":"article","og_title":"Profil - ATK","og_description":"Seit den Anf\u00e4ngen 1966 baut ATK seine Kompetenzen im Bereich Stahltransporte aus und ist heute ein gut konsolidiertes Transportunternehmen","og_url":"https:\/\/www.atk.dk\/de\/profil\/","og_site_name":"ATK","article_modified_time":"2017-07-12T11:33:19+00:00","twitter_card":"summary_large_image","twitter_misc":{"Gesch\u00e4tzte Lesezeit":"1\u00a0Minute"},"schema":{"@context":"https:\/\/schema.org","@graph":[{"@type":"WebPage","@id":"https:\/\/www.atk.dk\/de\/profil\/","url":"https:\/\/www.atk.dk\/de\/profil\/","name":"Profil - ATK","isPartOf":{"@id":"https:\/\/www.atk.dk\/#website"},"datePublished":"2017-06-15T07:04:42+00:00","dateModified":"2017-07-12T11:33:19+00:00","description":"Seit den Anf\u00e4ngen 1966 baut ATK seine Kompetenzen im Bereich Stahltransporte aus und ist heute ein gut konsolidiertes Transportunternehmen","breadcrumb":{"@id":"https:\/\/www.atk.dk\/de\/profil\/#breadcrumb"},"inLanguage":"de","potentialAction":[{"@type":"ReadAction","target":["https:\/\/www.atk.dk\/de\/profil\/"]}]},{"@type":"BreadcrumbList","@id":"https:\/\/www.atk.dk\/de\/profil\/#breadcrumb","itemListElement":[{"@type":"ListItem","position":1,"name":"Hjem","item":"https:\/\/www.atk.dk\/de\/"},{"@type":"ListItem","position":2,"name":"Profil"}]},{"@type":"WebSite","@id":"https:\/\/www.atk.dk\/#website","url":"https:\/\/www.atk.dk\/","name":"ATK","description":"We move steel on time","potentialAction":[{"@type":"SearchAction","target":{"@type":"EntryPoint","urlTemplate":"https:\/\/www.atk.dk\/?s={search_term_string}"},"query-input":{"@type":"PropertyValueSpecification","valueRequired":true,"valueName":"search_term_string"}}],"inLanguage":"de"}]}},"_links":{"self":[{"href":"https:\/\/www.atk.dk\/de\/wp-json\/wp\/v2\/pages\/348","targetHints":{"allow":["GET"]}}],"collection":[{"href":"https:\/\/www.atk.dk\/de\/wp-json\/wp\/v2\/pages"}],"about":[{"href":"https:\/\/www.atk.dk\/de\/wp-json\/wp\/v2\/types\/page"}],"author":[{"embeddable":true,"href":"https:\/\/www.atk.dk\/de\/wp-json\/wp\/v2\/users\/2"}],"replies":[{"embeddable":true,"href":"https:\/\/www.atk.dk\/de\/wp-json\/wp\/v2\/comments?post=348"}],"version-history":[{"count":0,"href":"https:\/\/www.atk.dk\/de\/wp-json\/wp\/v2\/pages\/348\/revisions"}],"wp:attachment":[{"href":"https:\/\/www.atk.dk\/de\/wp-json\/wp\/v2\/media?parent=348"}],"curies":[{"name":"wp","href":"https:\/\/api.w.org\/{rel}","templated":true}]}}