{"id":102,"date":"2017-05-03T10:34:29","date_gmt":"2017-05-03T10:34:29","guid":{"rendered":"http:\/\/www.atk.dk\/skib\/"},"modified":"2017-07-12T14:13:24","modified_gmt":"2017-07-12T12:13:24","slug":"skib","status":"publish","type":"page","link":"https:\/\/www.atk.dk\/de\/skib\/","title":{"rendered":"Skib"},"content":{"rendered":"<section class=\"wpb-content-wrapper\"><p>[vc_row][vc_column][vc_column_text]<\/p>\n<h1>Transport von Stahl auf Wasser<\/h1>\n<p>[\/vc_column_text][\/vc_column][\/vc_row][vc_row][vc_column width=&#8220;1\/3&#8243;][vc_column_text]<\/p>\n<p style=\"text-align: right;\"><strong><a href=\"#\">KOMPLETTE<br \/>\nLOGISTIKL\u00d6SUNGEN<br \/>\nF\u00dcR DIE STAHLINDUSTRIE<\/a><\/strong><\/p>\n<p>[\/vc_column_text][\/vc_column][vc_column width=&#8220;1\/3&#8243;][vc_column_text]Bei gro\u00dfen Mengen und langen Strecken bietet ATK Transportl\u00f6sungen per Schiff an: Seetransport, Hafenumschlag sowie Endlieferung beim Kunden sind Bestandteile einer wettbewerbsf\u00e4higen L\u00f6sung.[\/vc_column_text][\/vc_column][vc_column width=&#8220;1\/3&#8243;][vc_column_text css=&#8220;.vc_custom_1499855634736{margin-top: 14px !important;}&#8220;]<\/p>\n<h6><a name=\"_Toc359073818\"><\/a>Stahltransporte mit dem Schiff &#8211;\u00a0ATK bietet Ihnen folgende Vorteile<\/h6>\n<ul>\n<li>Spezialist im Bereich Stahltransport per Schiff<\/li>\n<li>Eingehende Produktkenntnisse<\/li>\n<li>Hohe Liefersicherheit<\/li>\n<li>Mehr als 50 Jahre Erfahrung<\/li>\n<li>Enge Beziehungen zu Stahlwerken und Gro\u00dfh\u00e4ndlern in ganz Europa<\/li>\n<li>Gro\u00dfe Kapazit\u00e4t und hohe Flexibilit\u00e4t<\/li>\n<li>Breit gef\u00e4chertes Serviceangebot<\/li>\n<li>Optimierte Logistikl\u00f6sungen f\u00fcr verbesserte Wettbewerbsf\u00e4higkeit<\/li>\n<li>Door to door L\u00f6sungen mit dem Schiff als wesentlicher Teil der Transportkette<\/li>\n<\/ul>\n<p>[\/vc_column_text][\/vc_column][\/vc_row]<\/p>\n<\/section>","protected":false},"excerpt":{"rendered":"<p>[vc_row][vc_column][vc_column_text] Transport von Stahl auf Wasser [\/vc_column_text][\/vc_column][\/vc_row][vc_row][vc_column width=&#8220;1\/3&#8243;][vc_column_text] KOMPLETTE LOGISTIKL\u00d6SUNGEN F\u00dcR DIE STAHLINDUSTRIE [\/vc_column_text][\/vc_column][vc_column width=&#8220;1\/3&#8243;][vc_column_text]Bei gro\u00dfen Mengen und langen Strecken bietet ATK Transportl\u00f6sungen per Schiff an: Seetransport, Hafenumschlag sowie Endlieferung beim Kunden sind Bestandteile einer wettbewerbsf\u00e4higen L\u00f6sung.[\/vc_column_text][\/vc_column][vc_column width=&#8220;1\/3&#8243;][vc_column_text css=&#8220;.vc_custom_1499855634736{margin-top: 14px !important;}&#8220;] Stahltransporte mit dem Schiff &#8211;\u00a0ATK bietet Ihnen folgende Vorteile Spezialist im Bereich Stahltransport per [&hellip;]<\/p>\n","protected":false},"author":1,"featured_media":0,"parent":0,"menu_order":0,"comment_status":"closed","ping_status":"closed","template":"","meta":{"footnotes":""},"class_list":["post-102","page","type-page","status-publish","hentry"],"acf":[],"yoast_head":"<!-- This site is optimized with the Yoast SEO plugin v27.5 - https:\/\/yoast.com\/product\/yoast-seo-wordpress\/ -->\n<title>Skib - ATK<\/title>\n<meta name=\"description\" content=\"Transportl\u00f6sungen per Schiff: Seetransport, Hafenumschlag sowie Endlieferung beim Kunden sind Bestandteile einer wettbewerbsf\u00e4higen L\u00f6sung\" \/>\n<meta name=\"robots\" content=\"index, follow, max-snippet:-1, max-image-preview:large, max-video-preview:-1\" \/>\n<link rel=\"canonical\" href=\"https:\/\/www.atk.dk\/de\/skib\/\" \/>\n<meta property=\"og:locale\" content=\"de_DE\" \/>\n<meta property=\"og:type\" content=\"article\" \/>\n<meta property=\"og:title\" content=\"Skib - ATK\" \/>\n<meta property=\"og:description\" content=\"Transportl\u00f6sungen per Schiff: Seetransport, Hafenumschlag sowie Endlieferung beim Kunden sind Bestandteile einer wettbewerbsf\u00e4higen L\u00f6sung\" \/>\n<meta property=\"og:url\" content=\"https:\/\/www.atk.dk\/de\/skib\/\" \/>\n<meta property=\"og:site_name\" content=\"ATK\" \/>\n<meta property=\"article:modified_time\" content=\"2017-07-12T12:13:24+00:00\" \/>\n<meta name=\"twitter:card\" content=\"summary_large_image\" \/>\n<meta name=\"twitter:label1\" content=\"Gesch\u00e4tzte Lesezeit\" \/>\n\t<meta name=\"twitter:data1\" content=\"1\u00a0Minute\" \/>\n<script type=\"application\/ld+json\" class=\"yoast-schema-graph\">{\"@context\":\"https:\\\/\\\/schema.org\",\"@graph\":[{\"@type\":\"WebPage\",\"@id\":\"https:\\\/\\\/www.atk.dk\\\/de\\\/skib\\\/\",\"url\":\"https:\\\/\\\/www.atk.dk\\\/de\\\/skib\\\/\",\"name\":\"Skib - ATK\",\"isPartOf\":{\"@id\":\"https:\\\/\\\/www.atk.dk\\\/#website\"},\"datePublished\":\"2017-05-03T10:34:29+00:00\",\"dateModified\":\"2017-07-12T12:13:24+00:00\",\"description\":\"Transportl\u00f6sungen per Schiff: Seetransport, Hafenumschlag sowie Endlieferung beim Kunden sind Bestandteile einer wettbewerbsf\u00e4higen L\u00f6sung\",\"breadcrumb\":{\"@id\":\"https:\\\/\\\/www.atk.dk\\\/de\\\/skib\\\/#breadcrumb\"},\"inLanguage\":\"de\",\"potentialAction\":[{\"@type\":\"ReadAction\",\"target\":[\"https:\\\/\\\/www.atk.dk\\\/de\\\/skib\\\/\"]}]},{\"@type\":\"BreadcrumbList\",\"@id\":\"https:\\\/\\\/www.atk.dk\\\/de\\\/skib\\\/#breadcrumb\",\"itemListElement\":[{\"@type\":\"ListItem\",\"position\":1,\"name\":\"Hjem\",\"item\":\"https:\\\/\\\/www.atk.dk\\\/de\\\/\"},{\"@type\":\"ListItem\",\"position\":2,\"name\":\"Skib\"}]},{\"@type\":\"WebSite\",\"@id\":\"https:\\\/\\\/www.atk.dk\\\/#website\",\"url\":\"https:\\\/\\\/www.atk.dk\\\/\",\"name\":\"ATK\",\"description\":\"We move steel on time\",\"potentialAction\":[{\"@type\":\"SearchAction\",\"target\":{\"@type\":\"EntryPoint\",\"urlTemplate\":\"https:\\\/\\\/www.atk.dk\\\/?s={search_term_string}\"},\"query-input\":{\"@type\":\"PropertyValueSpecification\",\"valueRequired\":true,\"valueName\":\"search_term_string\"}}],\"inLanguage\":\"de\"}]}<\/script>\n<!-- \/ Yoast SEO plugin. -->","yoast_head_json":{"title":"Skib - ATK","description":"Transportl\u00f6sungen per Schiff: Seetransport, Hafenumschlag sowie Endlieferung beim Kunden sind Bestandteile einer wettbewerbsf\u00e4higen L\u00f6sung","robots":{"index":"index","follow":"follow","max-snippet":"max-snippet:-1","max-image-preview":"max-image-preview:large","max-video-preview":"max-video-preview:-1"},"canonical":"https:\/\/www.atk.dk\/de\/skib\/","og_locale":"de_DE","og_type":"article","og_title":"Skib - ATK","og_description":"Transportl\u00f6sungen per Schiff: Seetransport, Hafenumschlag sowie Endlieferung beim Kunden sind Bestandteile einer wettbewerbsf\u00e4higen L\u00f6sung","og_url":"https:\/\/www.atk.dk\/de\/skib\/","og_site_name":"ATK","article_modified_time":"2017-07-12T12:13:24+00:00","twitter_card":"summary_large_image","twitter_misc":{"Gesch\u00e4tzte Lesezeit":"1\u00a0Minute"},"schema":{"@context":"https:\/\/schema.org","@graph":[{"@type":"WebPage","@id":"https:\/\/www.atk.dk\/de\/skib\/","url":"https:\/\/www.atk.dk\/de\/skib\/","name":"Skib - ATK","isPartOf":{"@id":"https:\/\/www.atk.dk\/#website"},"datePublished":"2017-05-03T10:34:29+00:00","dateModified":"2017-07-12T12:13:24+00:00","description":"Transportl\u00f6sungen per Schiff: Seetransport, Hafenumschlag sowie Endlieferung beim Kunden sind Bestandteile einer wettbewerbsf\u00e4higen L\u00f6sung","breadcrumb":{"@id":"https:\/\/www.atk.dk\/de\/skib\/#breadcrumb"},"inLanguage":"de","potentialAction":[{"@type":"ReadAction","target":["https:\/\/www.atk.dk\/de\/skib\/"]}]},{"@type":"BreadcrumbList","@id":"https:\/\/www.atk.dk\/de\/skib\/#breadcrumb","itemListElement":[{"@type":"ListItem","position":1,"name":"Hjem","item":"https:\/\/www.atk.dk\/de\/"},{"@type":"ListItem","position":2,"name":"Skib"}]},{"@type":"WebSite","@id":"https:\/\/www.atk.dk\/#website","url":"https:\/\/www.atk.dk\/","name":"ATK","description":"We move steel on time","potentialAction":[{"@type":"SearchAction","target":{"@type":"EntryPoint","urlTemplate":"https:\/\/www.atk.dk\/?s={search_term_string}"},"query-input":{"@type":"PropertyValueSpecification","valueRequired":true,"valueName":"search_term_string"}}],"inLanguage":"de"}]}},"_links":{"self":[{"href":"https:\/\/www.atk.dk\/de\/wp-json\/wp\/v2\/pages\/102","targetHints":{"allow":["GET"]}}],"collection":[{"href":"https:\/\/www.atk.dk\/de\/wp-json\/wp\/v2\/pages"}],"about":[{"href":"https:\/\/www.atk.dk\/de\/wp-json\/wp\/v2\/types\/page"}],"author":[{"embeddable":true,"href":"https:\/\/www.atk.dk\/de\/wp-json\/wp\/v2\/users\/1"}],"replies":[{"embeddable":true,"href":"https:\/\/www.atk.dk\/de\/wp-json\/wp\/v2\/comments?post=102"}],"version-history":[{"count":0,"href":"https:\/\/www.atk.dk\/de\/wp-json\/wp\/v2\/pages\/102\/revisions"}],"wp:attachment":[{"href":"https:\/\/www.atk.dk\/de\/wp-json\/wp\/v2\/media?parent=102"}],"curies":[{"name":"wp","href":"https:\/\/api.w.org\/{rel}","templated":true}]}}